{"id":358,"date":"2023-08-23T16:51:25","date_gmt":"2023-08-23T14:51:25","guid":{"rendered":"http:\/\/tomdelteil.fr\/?page_id=358"},"modified":"2024-06-25T15:54:04","modified_gmt":"2024-06-25T13:54:04","slug":"qui-suis-je","status":"publish","type":"page","link":"https:\/\/tomdelteil.fr\/index.php\/qui-suis-je\/","title":{"rendered":"Qui suis-je ?"},"content":{"rendered":"<p>[et_pb_section fb_built=\u00a0\u00bb1&Prime; admin_label=\u00a0\u00bbAbout\u00a0\u00bb _builder_version=\u00a0\u00bb4.22.1&Prime; _module_preset=\u00a0\u00bbdefault\u00a0\u00bb background_color=\u00a0\u00bb#0a0a0a\u00a0\u00bb custom_padding=\u00a0\u00bb||||false|false\u00a0\u00bb da_disable_devices=\u00a0\u00bboff|off|off\u00a0\u00bb collapsed=\u00a0\u00bbon\u00a0\u00bb global_colors_info=\u00a0\u00bb{}\u00a0\u00bb da_is_popup=\u00a0\u00bboff\u00a0\u00bb da_exit_intent=\u00a0\u00bboff\u00a0\u00bb da_has_close=\u00a0\u00bbon\u00a0\u00bb da_alt_close=\u00a0\u00bboff\u00a0\u00bb da_dark_close=\u00a0\u00bboff\u00a0\u00bb da_not_modal=\u00a0\u00bbon\u00a0\u00bb da_is_singular=\u00a0\u00bboff\u00a0\u00bb da_with_loader=\u00a0\u00bboff\u00a0\u00bb da_has_shadow=\u00a0\u00bbon\u00a0\u00bb][et_pb_row _builder_version=\u00a0\u00bb4.21.0&Prime; _module_preset=\u00a0\u00bbdefault\u00a0\u00bb global_colors_info=\u00a0\u00bb{}\u00a0\u00bb][et_pb_column type=\u00a0\u00bb4_4&Prime; _builder_version=\u00a0\u00bb4.21.0&Prime; _module_preset=\u00a0\u00bbdefault\u00a0\u00bb global_colors_info=\u00a0\u00bb{}\u00a0\u00bb][et_pb_text _builder_version=\u00a0\u00bb4.22.1&Prime; _module_preset=\u00a0\u00bbdefault\u00a0\u00bb text_font=\u00a0\u00bbLato|||on|||||\u00a0\u00bb text_text_color=\u00a0\u00bb#FFFFFF\u00a0\u00bb text_font_size=\u00a0\u00bb100px\u00a0\u00bb text_font_size_tablet=\u00a0\u00bb100px\u00a0\u00bb text_font_size_phone=\u00a0\u00bb60px\u00a0\u00bb text_font_size_last_edited=\u00a0\u00bbon|phone\u00a0\u00bb global_colors_info=\u00a0\u00bb{}\u00a0\u00bb]<\/p>\n<p>Tom<\/p>\n<p>[\/et_pb_text][et_pb_text _builder_version=\u00a0\u00bb4.22.1&Prime; _module_preset=\u00a0\u00bbdefault\u00a0\u00bb text_font=\u00a0\u00bbLato|900||on|||||\u00a0\u00bb text_text_color=\u00a0\u00bb#FFFFFF\u00a0\u00bb text_font_size=\u00a0\u00bb100px\u00a0\u00bb custom_padding=\u00a0\u00bb28px||||false|false\u00a0\u00bb custom_padding_tablet=\u00a0\u00bb28px||||false|false\u00a0\u00bb custom_padding_phone=\u00a0\u00bb0px||||false|false\u00a0\u00bb custom_padding_last_edited=\u00a0\u00bbon|phone\u00a0\u00bb text_font_size_tablet=\u00a0\u00bb100px\u00a0\u00bb text_font_size_phone=\u00a0\u00bb60px\u00a0\u00bb text_font_size_last_edited=\u00a0\u00bbon|phone\u00a0\u00bb global_colors_info=\u00a0\u00bb{}\u00a0\u00bb]<\/p>\n<p>Delteil<\/p>\n<p>[\/et_pb_text][et_pb_text _builder_version=\u00a0\u00bb4.22.1&Prime; _module_preset=\u00a0\u00bbdefault\u00a0\u00bb text_font=\u00a0\u00bbLato|300|||||||\u00a0\u00bb text_text_color=\u00a0\u00bb#FFFFFF\u00a0\u00bb text_font_size=\u00a0\u00bb35px\u00a0\u00bb custom_margin=\u00a0\u00bb0px||||false|false\u00a0\u00bb custom_padding=\u00a0\u00bb28px||||false|false\u00a0\u00bb custom_padding_tablet=\u00a0\u00bb28px||||false|false\u00a0\u00bb custom_padding_phone=\u00a0\u00bb0px||||false|false\u00a0\u00bb custom_padding_last_edited=\u00a0\u00bbon|phone\u00a0\u00bb text_font_size_tablet=\u00a0\u00bb35px\u00a0\u00bb text_font_size_phone=\u00a0\u00bb22px\u00a0\u00bb text_font_size_last_edited=\u00a0\u00bbon|phone\u00a0\u00bb global_colors_info=\u00a0\u00bb{}\u00a0\u00bb]<\/p>\n<p>Un graphiste ind\u00e9pendant<\/p>\n<p>[\/et_pb_text][\/et_pb_column][\/et_pb_row][et_pb_row make_equal=\u00a0\u00bbon\u00a0\u00bb custom_padding_last_edited=\u00a0\u00bbon|desktop\u00a0\u00bb _builder_version=\u00a0\u00bb4.22.1&Prime; _module_preset=\u00a0\u00bbdefault\u00a0\u00bb module_alignment=\u00a0\u00bbcenter\u00a0\u00bb custom_padding=\u00a0\u00bb60px|60px|60px|60px|true|true\u00a0\u00bb custom_padding_tablet=\u00a0\u00bb30px|30px|30px|30px|true|true\u00a0\u00bb custom_padding_phone=\u00a0\u00bb20px|20px|20px|20px|true|true\u00a0\u00bb global_colors_info=\u00a0\u00bb{}\u00a0\u00bb][et_pb_column type=\u00a0\u00bb4_4&Prime; _builder_version=\u00a0\u00bb4.22.1&Prime; _module_preset=\u00a0\u00bbdefault\u00a0\u00bb custom_css_main_element=\u00a0\u00bbdisplay: flex;||flex-direction: column; ||justify-content: center;\u00a0\u00bb global_colors_info=\u00a0\u00bb{}\u00a0\u00bb][et_pb_text _builder_version=\u00a0\u00bb4.22.1&Prime; _module_preset=\u00a0\u00bb1f09816e-184e-4ce5-a4cf-b39c52c423ca\u00a0\u00bb text_font=\u00a0\u00bbLato||||||||\u00a0\u00bb text_text_color=\u00a0\u00bb#FFFFFF\u00a0\u00bb text_font_size=\u00a0\u00bb16px\u00a0\u00bb text_line_height=\u00a0\u00bb1.8em\u00a0\u00bb text_font_size_tablet=\u00a0\u00bb15px\u00a0\u00bb text_font_size_phone=\u00a0\u00bb14px\u00a0\u00bb text_font_size_last_edited=\u00a0\u00bbon|desktop\u00a0\u00bb header_font_size_tablet=\u00a0\u00bb55px\u00a0\u00bb header_font_size_last_edited=\u00a0\u00bboff|desktop\u00a0\u00bb global_colors_info=\u00a0\u00bb{}\u00a0\u00bb]<\/p>\n<p>Bonjour ! Je m\u2019appelle Tom Delteil, passionn\u00e9 de graphisme. J&rsquo;ai d\u00e9but\u00e9 en obtenant un Bac professionnel en R\u00e9alisation de produits imprim\u00e9s et plurim\u00e9dias \u00e0 Don Bosco Marseille. Ensuite, j&rsquo;ai perfectionn\u00e9 mes comp\u00e9tences avec une Licence Chef de projet digital \u00e0 l&rsquo;ECV Aix-en-Provence.<\/p>\n<p>Je suis bas\u00e9 dans les alentours d&rsquo;Aubagne et navigue entre Aix et Marseille. Mon approche jeune et contemporaine du design se nourrit de mon exp\u00e9rience pr\u00e9coce. Malgr\u00e9 mon \u00e2ge, j&rsquo;ai d\u00e9j\u00e0 travaill\u00e9 sur divers projets qui m&rsquo;ont donn\u00e9 une solide compr\u00e9hension des besoins clients et la capacit\u00e9 de cr\u00e9er des designs percutants.<\/p>\n<p><strong>Je suis l\u00e0 pour donner vie \u00e0 vos id\u00e9es graphiques, que ce soit pour cr\u00e9er une nouvelle identit\u00e9 de marque, donner un nouvel \u00e9lan visuel ou produire des supports imprim\u00e9s saisissants. Ensemble, cr\u00e9ons quelque chose d&rsquo;exceptionnel.<\/strong><\/p>\n<p>[\/et_pb_text][et_pb_text _builder_version=\u00a0\u00bb4.22.1&Prime; _module_preset=\u00a0\u00bbdefault\u00a0\u00bb use_background_color_gradient=\u00a0\u00bbon\u00a0\u00bb background_color_gradient_stops=\u00a0\u00bbrgba(255,255,255,0) 46%|#0a0000 100%\u00a0\u00bb background_color_gradient_overlays_image=\u00a0\u00bbon\u00a0\u00bb background_image=\u00a0\u00bbhttps:\/\/tomdelteil.fr\/wp-content\/uploads\/2024\/06\/IMG_2865.png\u00a0\u00bb background_size=\u00a0\u00bbcustom\u00a0\u00bb background_image_width=\u00a0\u00bb77%\u00a0\u00bb transform_scale_tablet=\u00a0\u00bb\u00a0\u00bb transform_scale_phone=\u00a0\u00bb140%|140%\u00a0\u00bb transform_scale_last_edited=\u00a0\u00bbon|phone\u00a0\u00bb transform_translate_tablet=\u00a0\u00bb\u00a0\u00bb transform_translate_phone=\u00a0\u00bb\u00a0\u00bb transform_translate_last_edited=\u00a0\u00bbon|phone\u00a0\u00bb transform_rotate_tablet=\u00a0\u00bb\u00a0\u00bb transform_rotate_phone=\u00a0\u00bb\u00a0\u00bb transform_rotate_last_edited=\u00a0\u00bbon|phone\u00a0\u00bb transform_skew_tablet=\u00a0\u00bb\u00a0\u00bb transform_skew_phone=\u00a0\u00bb\u00a0\u00bb transform_skew_last_edited=\u00a0\u00bbon|phone\u00a0\u00bb transform_origin_tablet=\u00a0\u00bb\u00a0\u00bb transform_origin_phone=\u00a0\u00bb\u00a0\u00bb transform_origin_last_edited=\u00a0\u00bbon|phone\u00a0\u00bb transform_styles_last_edited=\u00a0\u00bbon|phone\u00a0\u00bb z_index=\u00a0\u00bb0&Prime; width_last_edited=\u00a0\u00bboff|desktop\u00a0\u00bb module_alignment=\u00a0\u00bbcenter\u00a0\u00bb height=\u00a0\u00bb598px\u00a0\u00bb height_tablet=\u00a0\u00bb340px\u00a0\u00bb height_phone=\u00a0\u00bb200px\u00a0\u00bb height_last_edited=\u00a0\u00bbon|tablet\u00a0\u00bb custom_margin=\u00a0\u00bb0px|0px|0px|0px|false|true\u00a0\u00bb custom_padding=\u00a0\u00bb0px|0px|0px|0px|false|true\u00a0\u00bb transform_styles_tablet=\u00a0\u00bb\u00a0\u00bb transform_styles_phone=\u00a0\u00bb\u00a0\u00bb global_colors_info=\u00a0\u00bb{}\u00a0\u00bb][\/et_pb_text][\/et_pb_column][\/et_pb_row][et_pb_row _builder_version=\u00a0\u00bb4.22.1&Prime; _module_preset=\u00a0\u00bbdefault\u00a0\u00bb custom_padding=\u00a0\u00bb6px|||||\u00a0\u00bb scroll_scaling_enable=\u00a0\u00bbon\u00a0\u00bb motion_trigger_start=\u00a0\u00bbtop\u00a0\u00bb locked=\u00a0\u00bboff\u00a0\u00bb global_colors_info=\u00a0\u00bb{}\u00a0\u00bb][et_pb_column type=\u00a0\u00bb4_4&Prime; _builder_version=\u00a0\u00bb4.22.1&Prime; _module_preset=\u00a0\u00bbdefault\u00a0\u00bb global_colors_info=\u00a0\u00bb{}\u00a0\u00bb][et_pb_text _builder_version=\u00a0\u00bb4.22.1&Prime; _module_preset=\u00a0\u00bbdefault\u00a0\u00bb text_font=\u00a0\u00bbLato||||||||\u00a0\u00bb text_font_size=\u00a0\u00bb20px\u00a0\u00bb header_font=\u00a0\u00bbLato|900||on|||||\u00a0\u00bb header_text_align=\u00a0\u00bbcenter\u00a0\u00bb header_text_color=\u00a0\u00bb#FFFFFF\u00a0\u00bb header_font_size=\u00a0\u00bb3em\u00a0\u00bb z_index=\u00a0\u00bb500&Prime; custom_margin_tablet=\u00a0\u00bb\u00a0\u00bb custom_margin_phone=\u00a0\u00bb60px||||false|false\u00a0\u00bb custom_margin_last_edited=\u00a0\u00bbon|phone\u00a0\u00bb header_font_size_tablet=\u00a0\u00bb3em\u00a0\u00bb header_font_size_phone=\u00a0\u00bb1.9em\u00a0\u00bb header_font_size_last_edited=\u00a0\u00bbon|phone\u00a0\u00bb global_colors_info=\u00a0\u00bb{}\u00a0\u00bb]<\/p>\n<h1>Alors, convaincu ?<\/h1>\n<p>[\/et_pb_text][et_pb_button button_url=\u00a0\u00bbmailto:contact@tomdelteil.fr\u00a0\u00bb button_text=\u00a0\u00bbMe contacter\u00a0\u00bb button_alignment=\u00a0\u00bbcenter\u00a0\u00bb _builder_version=\u00a0\u00bb4.22.1&Prime; _module_preset=\u00a0\u00bbdefault\u00a0\u00bb custom_button=\u00a0\u00bbon\u00a0\u00bb button_text_size=\u00a0\u00bb18px\u00a0\u00bb button_text_color=\u00a0\u00bb#FFFFFF\u00a0\u00bb button_bg_color=\u00a0\u00bbrgba(255,255,255,0.3)\u00a0\u00bb button_border_width=\u00a0\u00bb0px\u00a0\u00bb button_border_color=\u00a0\u00bbRGBA(255,255,255,0)\u00a0\u00bb button_border_radius=\u00a0\u00bb30px\u00a0\u00bb button_font=\u00a0\u00bbLato||||||||\u00a0\u00bb button_use_icon=\u00a0\u00bboff\u00a0\u00bb custom_margin=\u00a0\u00bb-1rem||||false|false\u00a0\u00bb custom_padding=\u00a0\u00bb7px|25px|7px|25px|true|true\u00a0\u00bb global_colors_info=\u00a0\u00bb{}\u00a0\u00bb transform_styles__hover_enabled=\u00a0\u00bbon|hover\u00a0\u00bb transform_scale__hover=\u00a0\u00bb110%|110%\u00a0\u00bb transform_scale__hover_enabled=\u00a0\u00bbon|hover\u00a0\u00bb transform_translate__hover_enabled=\u00a0\u00bbon|desktop\u00a0\u00bb transform_rotate__hover_enabled=\u00a0\u00bbon|desktop\u00a0\u00bb transform_skew__hover_enabled=\u00a0\u00bbon|desktop\u00a0\u00bb transform_origin__hover_enabled=\u00a0\u00bbon|desktop\u00a0\u00bb][\/et_pb_button][\/et_pb_column][\/et_pb_row][\/et_pb_section]<\/p>\n","protected":false},"excerpt":{"rendered":"<p>TomDelteilUn graphiste ind\u00e9pendantBonjour ! Je m\u2019appelle Tom Delteil, passionn\u00e9 de graphisme. J&rsquo;ai d\u00e9but\u00e9 en obtenant un Bac professionnel en R\u00e9alisation de produits imprim\u00e9s et plurim\u00e9dias \u00e0 Don Bosco Marseille. Ensuite, j&rsquo;ai perfectionn\u00e9 mes comp\u00e9tences avec une Licence Chef de projet digital \u00e0 l&rsquo;ECV Aix-en-Provence. Je suis bas\u00e9 dans les alentours d&rsquo;Aubagne et navigue entre Aix [&hellip;]<\/p>\n","protected":false},"author":1,"featured_media":0,"parent":0,"menu_order":0,"comment_status":"closed","ping_status":"closed","template":"","meta":{"_et_pb_use_builder":"on","_et_pb_old_content":"","_et_gb_content_width":"","inline_featured_image":false,"footnotes":""},"class_list":["post-358","page","type-page","status-publish","hentry"],"yoast_head":"<!-- This site is optimized with the Yoast SEO plugin v23.3 - https:\/\/yoast.com\/wordpress\/plugins\/seo\/ -->\n<title>Qui suis-je ? - WordPress<\/title>\n<meta name=\"robots\" content=\"index, follow, max-snippet:-1, max-image-preview:large, max-video-preview:-1\" \/>\n<link rel=\"canonical\" href=\"https:\/\/tomdelteil.fr\/index.php\/qui-suis-je\/\" \/>\n<meta property=\"og:locale\" content=\"fr_FR\" \/>\n<meta property=\"og:type\" content=\"article\" \/>\n<meta property=\"og:title\" content=\"Qui suis-je ? - WordPress\" \/>\n<meta property=\"og:description\" content=\"TomDelteilUn graphiste ind\u00e9pendantBonjour ! Je m\u2019appelle Tom Delteil, passionn\u00e9 de graphisme. J&#039;ai d\u00e9but\u00e9 en obtenant un Bac professionnel en R\u00e9alisation de produits imprim\u00e9s et plurim\u00e9dias \u00e0 Don Bosco Marseille. Ensuite, j&#039;ai perfectionn\u00e9 mes comp\u00e9tences avec une Licence Chef de projet digital \u00e0 l&#039;ECV Aix-en-Provence. Je suis bas\u00e9 dans les alentours d&#039;Aubagne et navigue entre Aix [&hellip;]\" \/>\n<meta property=\"og:url\" content=\"https:\/\/tomdelteil.fr\/index.php\/qui-suis-je\/\" \/>\n<meta property=\"og:site_name\" content=\"WordPress\" \/>\n<meta property=\"article:modified_time\" content=\"2024-06-25T13:54:04+00:00\" \/>\n<meta name=\"twitter:card\" content=\"summary_large_image\" \/>\n<meta name=\"twitter:label1\" content=\"Dur\u00e9e de lecture estim\u00e9e\" \/>\n\t<meta name=\"twitter:data1\" content=\"3 minutes\" \/>\n<script type=\"application\/ld+json\" class=\"yoast-schema-graph\">{\"@context\":\"https:\/\/schema.org\",\"@graph\":[{\"@type\":\"WebPage\",\"@id\":\"https:\/\/tomdelteil.fr\/index.php\/qui-suis-je\/\",\"url\":\"https:\/\/tomdelteil.fr\/index.php\/qui-suis-je\/\",\"name\":\"Qui suis-je ? - WordPress\",\"isPartOf\":{\"@id\":\"https:\/\/tomdelteil.fr\/#website\"},\"datePublished\":\"2023-08-23T14:51:25+00:00\",\"dateModified\":\"2024-06-25T13:54:04+00:00\",\"breadcrumb\":{\"@id\":\"https:\/\/tomdelteil.fr\/index.php\/qui-suis-je\/#breadcrumb\"},\"inLanguage\":\"fr-FR\",\"potentialAction\":[{\"@type\":\"ReadAction\",\"target\":[\"https:\/\/tomdelteil.fr\/index.php\/qui-suis-je\/\"]}]},{\"@type\":\"BreadcrumbList\",\"@id\":\"https:\/\/tomdelteil.fr\/index.php\/qui-suis-je\/#breadcrumb\",\"itemListElement\":[{\"@type\":\"ListItem\",\"position\":1,\"name\":\"Accueil\",\"item\":\"https:\/\/tomdelteil.fr\/\"},{\"@type\":\"ListItem\",\"position\":2,\"name\":\"Qui suis-je ?\"}]},{\"@type\":\"WebSite\",\"@id\":\"https:\/\/tomdelteil.fr\/#website\",\"url\":\"https:\/\/tomdelteil.fr\/\",\"name\":\"tom delteil\",\"description\":\"Mon site web\",\"publisher\":{\"@id\":\"https:\/\/tomdelteil.fr\/#organization\"},\"potentialAction\":[{\"@type\":\"SearchAction\",\"target\":{\"@type\":\"EntryPoint\",\"urlTemplate\":\"https:\/\/tomdelteil.fr\/?s={search_term_string}\"},\"query-input\":\"required name=search_term_string\"}],\"inLanguage\":\"fr-FR\"},{\"@type\":\"Organization\",\"@id\":\"https:\/\/tomdelteil.fr\/#organization\",\"name\":\"tom delteil\",\"url\":\"https:\/\/tomdelteil.fr\/\",\"logo\":{\"@type\":\"ImageObject\",\"inLanguage\":\"fr-FR\",\"@id\":\"https:\/\/tomdelteil.fr\/#\/schema\/logo\/image\/\",\"url\":\"https:\/\/tomdelteil.fr\/wp-content\/uploads\/2023\/08\/cropped-logo-TD-NB_A4.png\",\"contentUrl\":\"https:\/\/tomdelteil.fr\/wp-content\/uploads\/2023\/08\/cropped-logo-TD-NB_A4.png\",\"width\":512,\"height\":512,\"caption\":\"tom delteil\"},\"image\":{\"@id\":\"https:\/\/tomdelteil.fr\/#\/schema\/logo\/image\/\"},\"sameAs\":[\"https:\/\/instagram.com\/tom_delteil?igshid=OGQ5ZDc2ODk2ZA==\"]}]}<\/script>\n<!-- \/ Yoast SEO plugin. -->","yoast_head_json":{"title":"Qui suis-je ? - WordPress","robots":{"index":"index","follow":"follow","max-snippet":"max-snippet:-1","max-image-preview":"max-image-preview:large","max-video-preview":"max-video-preview:-1"},"canonical":"https:\/\/tomdelteil.fr\/index.php\/qui-suis-je\/","og_locale":"fr_FR","og_type":"article","og_title":"Qui suis-je ? - WordPress","og_description":"TomDelteilUn graphiste ind\u00e9pendantBonjour ! Je m\u2019appelle Tom Delteil, passionn\u00e9 de graphisme. J'ai d\u00e9but\u00e9 en obtenant un Bac professionnel en R\u00e9alisation de produits imprim\u00e9s et plurim\u00e9dias \u00e0 Don Bosco Marseille. Ensuite, j'ai perfectionn\u00e9 mes comp\u00e9tences avec une Licence Chef de projet digital \u00e0 l'ECV Aix-en-Provence. Je suis bas\u00e9 dans les alentours d'Aubagne et navigue entre Aix [&hellip;]","og_url":"https:\/\/tomdelteil.fr\/index.php\/qui-suis-je\/","og_site_name":"WordPress","article_modified_time":"2024-06-25T13:54:04+00:00","twitter_card":"summary_large_image","twitter_misc":{"Dur\u00e9e de lecture estim\u00e9e":"3 minutes"},"schema":{"@context":"https:\/\/schema.org","@graph":[{"@type":"WebPage","@id":"https:\/\/tomdelteil.fr\/index.php\/qui-suis-je\/","url":"https:\/\/tomdelteil.fr\/index.php\/qui-suis-je\/","name":"Qui suis-je ? - WordPress","isPartOf":{"@id":"https:\/\/tomdelteil.fr\/#website"},"datePublished":"2023-08-23T14:51:25+00:00","dateModified":"2024-06-25T13:54:04+00:00","breadcrumb":{"@id":"https:\/\/tomdelteil.fr\/index.php\/qui-suis-je\/#breadcrumb"},"inLanguage":"fr-FR","potentialAction":[{"@type":"ReadAction","target":["https:\/\/tomdelteil.fr\/index.php\/qui-suis-je\/"]}]},{"@type":"BreadcrumbList","@id":"https:\/\/tomdelteil.fr\/index.php\/qui-suis-je\/#breadcrumb","itemListElement":[{"@type":"ListItem","position":1,"name":"Accueil","item":"https:\/\/tomdelteil.fr\/"},{"@type":"ListItem","position":2,"name":"Qui suis-je ?"}]},{"@type":"WebSite","@id":"https:\/\/tomdelteil.fr\/#website","url":"https:\/\/tomdelteil.fr\/","name":"tom delteil","description":"Mon site web","publisher":{"@id":"https:\/\/tomdelteil.fr\/#organization"},"potentialAction":[{"@type":"SearchAction","target":{"@type":"EntryPoint","urlTemplate":"https:\/\/tomdelteil.fr\/?s={search_term_string}"},"query-input":"required name=search_term_string"}],"inLanguage":"fr-FR"},{"@type":"Organization","@id":"https:\/\/tomdelteil.fr\/#organization","name":"tom delteil","url":"https:\/\/tomdelteil.fr\/","logo":{"@type":"ImageObject","inLanguage":"fr-FR","@id":"https:\/\/tomdelteil.fr\/#\/schema\/logo\/image\/","url":"https:\/\/tomdelteil.fr\/wp-content\/uploads\/2023\/08\/cropped-logo-TD-NB_A4.png","contentUrl":"https:\/\/tomdelteil.fr\/wp-content\/uploads\/2023\/08\/cropped-logo-TD-NB_A4.png","width":512,"height":512,"caption":"tom delteil"},"image":{"@id":"https:\/\/tomdelteil.fr\/#\/schema\/logo\/image\/"},"sameAs":["https:\/\/instagram.com\/tom_delteil?igshid=OGQ5ZDc2ODk2ZA=="]}]}},"_links":{"self":[{"href":"https:\/\/tomdelteil.fr\/index.php\/wp-json\/wp\/v2\/pages\/358","targetHints":{"allow":["GET"]}}],"collection":[{"href":"https:\/\/tomdelteil.fr\/index.php\/wp-json\/wp\/v2\/pages"}],"about":[{"href":"https:\/\/tomdelteil.fr\/index.php\/wp-json\/wp\/v2\/types\/page"}],"author":[{"embeddable":true,"href":"https:\/\/tomdelteil.fr\/index.php\/wp-json\/wp\/v2\/users\/1"}],"replies":[{"embeddable":true,"href":"https:\/\/tomdelteil.fr\/index.php\/wp-json\/wp\/v2\/comments?post=358"}],"version-history":[{"count":24,"href":"https:\/\/tomdelteil.fr\/index.php\/wp-json\/wp\/v2\/pages\/358\/revisions"}],"predecessor-version":[{"id":1074,"href":"https:\/\/tomdelteil.fr\/index.php\/wp-json\/wp\/v2\/pages\/358\/revisions\/1074"}],"wp:attachment":[{"href":"https:\/\/tomdelteil.fr\/index.php\/wp-json\/wp\/v2\/media?parent=358"}],"curies":[{"name":"wp","href":"https:\/\/api.w.org\/{rel}","templated":true}]}}